
{"id":88,"date":"2012-06-27T14:28:12","date_gmt":"2012-06-27T14:28:12","guid":{"rendered":"http:\/\/demo.solucionesuno.com\/magrina\/?page_id=88"},"modified":"2018-06-12T13:37:28","modified_gmt":"2018-06-12T13:37:28","slug":"historia","status":"publish","type":"page","link":"https:\/\/www.magrina.com\/fr\/el-laboratorio\/historia\/","title":{"rendered":"Histoire"},"content":{"rendered":"<p><\/p>\n<table border=\"0\" width=\"100%\" cellspacing=\"2\" cellpadding=\"2\">\n<tbody>\n<tr>\n<td valign=\"middle\">\n<div class=\"anys\" align=\"right\">1932<\/div>\n<\/td>\n<td><\/td>\n<td class=\"text\">Naissance, \u00e0 Barcelone du Laboratoire de sp\u00e9cialisations pharmaceutiques.<\/td>\n<\/tr>\n<tr>\n<td valign=\"middle\">\n<div class=\"anys\" align=\"right\">\n<div class=\"anys\" align=\"right\">1972<\/div>\n<\/div>\n<\/td>\n<td><\/td>\n<td class=\"text\">D\u00e9but de la fabrication de cosm\u00e9tiques pour les tiers, surtout des marques de cosm\u00e9tiques professionnels.<\/td>\n<\/tr>\n<tr>\n<td valign=\"middle\">\n<div class=\"anys\" align=\"right\">80-90<\/div>\n<\/td>\n<td><\/td>\n<td class=\"text\">On met en avant le d\u00e9veloppement de nouveaux produits pour couvrir les besoins des clients. C&rsquo;est le commencement dans le secteur de la cosm\u00e9tique de pharmacie et dans le secteur de la di\u00e9t\u00e9tique.<\/td>\n<\/tr>\n<tr>\n<td valign=\"middle\">\n<div class=\"anys\" align=\"right\">90-00<\/div>\n<\/td>\n<td><\/td>\n<td class=\"text\">Ouverture au march\u00e9 international, avec des produits de premi\u00e8re ligne en mati\u00e8re d&rsquo;innovation et de qualit\u00e9.<\/td>\n<\/tr>\n<tr>\n<td valign=\"middle\">\n<div class=\"anys\" align=\"right\">1996<\/div>\n<\/td>\n<td><\/td>\n<td class=\"text\">Inauguration d&rsquo;une nouvelle usine de 1 500 m 2 \u00e0 Sant Adri\u00e0 de Bes\u00f2s (Barcelone).<\/td>\n<\/tr>\n<tr>\n<td valign=\"middle\">\n<div align=\"right\">\n<div class=\"anys\" align=\"right\">2000<\/div>\n<\/div>\n<\/td>\n<td><\/td>\n<td class=\"text\">Obtention du certificat ISO 9001:2000, un sceau de confiance qui prouve la volont\u00e9 de l&rsquo;entreprise d&rsquo;offrir le plus haut niveau de qualit\u00e9. On favorise la recherche et le d\u00e9veloppement avec des investissements continus \u00e0 la fois des ressources techniques et humaines.<\/td>\n<\/tr>\n<tr>\n<td valign=\"middle\">\n<div class=\"anys\" align=\"right\">2005<\/div>\n<\/td>\n<td><\/td>\n<td class=\"text\">Agrandissement des installations jusqu&rsquo;\u00e0 3 000 m 2. La capacit\u00e9 de fabrication qui atteignait les 1 000 000 kg d\u00e9passe les 10 000 000 d&rsquo;unit\u00e9s.<\/td>\n<\/tr>\n<tr>\n<td valign=\"middle\">\n<div class=\"anys\" align=\"right\">2012<\/div>\n<\/td>\n<td><\/td>\n<td class=\"text\">La compagnie obtient la certification ISO 22716:2007 se conformant ainsi aux Bonnes Pratiques de Fabrication &#8211; Good Manufacturing Practices (GMP).<br \/>\nElle obtient l\u2019Autorisation du Minist\u00e8re de la Sant\u00e9 pour fabriquer des produits d\u2019hygi\u00e8ne personnelle.<\/td>\n<\/tr>\n<tr>\n<td valign=\"middle\">\n<div class=\"anys\" align=\"right\">Aujourd&rsquo;hui<\/div>\n<\/td>\n<td><\/td>\n<td class=\"text\">La troisi\u00e8me g\u00e9n\u00e9ration de la famille Magri\u00f1a assume la direction.<br \/>\nLe positionnement de l\u2019entreprise se consolide dans le secteur des Cosm\u00e9tiques de Soins.<br \/>\nLe nombre de clients qui font confiance aux lancements des Laboratoires Magri\u00f1a continue d\u2019augmenter.<\/td>\n<\/tr>\n<\/tbody>\n<\/table>\n<p><\/p>","protected":false},"excerpt":{"rendered":"<p>1932 Naissance, \u00e0 Barcelone du Laboratoire de sp\u00e9cialisations pharmaceutiques. 1972 D\u00e9but de la fabrication de cosm\u00e9tiques pour les tiers, surtout des marques de cosm\u00e9tiques professionnels. 80-90 On met en avant le d\u00e9veloppement de nouveaux produits pour couvrir les besoins des clients. C&rsquo;est le commencement dans le secteur de la cosm\u00e9tique de pharmacie et dans le&nbsp;<a href=\"https:\/\/www.magrina.com\/fr\/el-laboratorio\/historia\/\" class=\"read-more\">Continue Reading<\/a><\/p>\n","protected":false},"author":3,"featured_media":0,"parent":10,"menu_order":0,"comment_status":"closed","ping_status":"closed","template":"","meta":{"footnotes":""},"class_list":["post-88","page","type-page","status-publish","hentry"],"_links":{"self":[{"href":"https:\/\/www.magrina.com\/fr\/wp-json\/wp\/v2\/pages\/88","targetHints":{"allow":["GET"]}}],"collection":[{"href":"https:\/\/www.magrina.com\/fr\/wp-json\/wp\/v2\/pages"}],"about":[{"href":"https:\/\/www.magrina.com\/fr\/wp-json\/wp\/v2\/types\/page"}],"author":[{"embeddable":true,"href":"https:\/\/www.magrina.com\/fr\/wp-json\/wp\/v2\/users\/3"}],"replies":[{"embeddable":true,"href":"https:\/\/www.magrina.com\/fr\/wp-json\/wp\/v2\/comments?post=88"}],"version-history":[{"count":21,"href":"https:\/\/www.magrina.com\/fr\/wp-json\/wp\/v2\/pages\/88\/revisions"}],"predecessor-version":[{"id":1534,"href":"https:\/\/www.magrina.com\/fr\/wp-json\/wp\/v2\/pages\/88\/revisions\/1534"}],"up":[{"embeddable":true,"href":"https:\/\/www.magrina.com\/fr\/wp-json\/wp\/v2\/pages\/10"}],"wp:attachment":[{"href":"https:\/\/www.magrina.com\/fr\/wp-json\/wp\/v2\/media?parent=88"}],"curies":[{"name":"wp","href":"https:\/\/api.w.org\/{rel}","templated":true}]}}