
{"id":1615,"date":"2020-03-09T15:09:39","date_gmt":"2020-03-09T15:09:39","guid":{"rendered":"https:\/\/www.magrina.com\/?page_id=1615"},"modified":"2020-03-09T15:13:22","modified_gmt":"2020-03-09T15:13:22","slug":"politica-de-privacidad","status":"publish","type":"page","link":"https:\/\/www.magrina.com\/fr\/politica-de-privacidad\/","title":{"rendered":"(Espa\u00f1ol) Pol\u00edtica de Privacidad"},"content":{"rendered":"<p class=\"qtranxs-available-languages-message qtranxs-available-languages-message-fr\">D\u00e9sol\u00e9, cet article est seulement disponible en <a href=\"https:\/\/www.magrina.com\/es\/wp-json\/wp\/v2\/pages\/1615\" class=\"qtranxs-available-language-link qtranxs-available-language-link-es\" title=\"Espa\u00f1ol\">Espa\u00f1ol<\/a>.<\/p>","protected":false},"excerpt":{"rendered":"<p>D\u00e9sol\u00e9, cet article est seulement disponible en Espa\u00f1ol.<\/p>\n","protected":false},"author":2,"featured_media":0,"parent":0,"menu_order":0,"comment_status":"closed","ping_status":"closed","template":"","meta":{"footnotes":""},"class_list":["post-1615","page","type-page","status-publish","hentry"],"_links":{"self":[{"href":"https:\/\/www.magrina.com\/fr\/wp-json\/wp\/v2\/pages\/1615","targetHints":{"allow":["GET"]}}],"collection":[{"href":"https:\/\/www.magrina.com\/fr\/wp-json\/wp\/v2\/pages"}],"about":[{"href":"https:\/\/www.magrina.com\/fr\/wp-json\/wp\/v2\/types\/page"}],"author":[{"embeddable":true,"href":"https:\/\/www.magrina.com\/fr\/wp-json\/wp\/v2\/users\/2"}],"replies":[{"embeddable":true,"href":"https:\/\/www.magrina.com\/fr\/wp-json\/wp\/v2\/comments?post=1615"}],"version-history":[{"count":7,"href":"https:\/\/www.magrina.com\/fr\/wp-json\/wp\/v2\/pages\/1615\/revisions"}],"predecessor-version":[{"id":1622,"href":"https:\/\/www.magrina.com\/fr\/wp-json\/wp\/v2\/pages\/1615\/revisions\/1622"}],"wp:attachment":[{"href":"https:\/\/www.magrina.com\/fr\/wp-json\/wp\/v2\/media?parent=1615"}],"curies":[{"name":"wp","href":"https:\/\/api.w.org\/{rel}","templated":true}]}}