
{"id":10,"date":"2012-06-26T19:18:26","date_gmt":"2012-06-26T19:18:26","guid":{"rendered":"http:\/\/demo.solucionesuno.com\/magrina\/?page_id=10"},"modified":"2020-03-11T13:06:08","modified_gmt":"2020-03-11T13:06:08","slug":"el-laboratorio","status":"publish","type":"page","link":"https:\/\/www.magrina.com\/fr\/el-laboratorio\/","title":{"rendered":"Le laboratoire"},"content":{"rendered":"<p><\/p>\n<h3><\/h3>\n<div>\n<p><span style=\"font-size: 12px;\">\u2022\u00a0<\/span>Nous offrons une solution compl\u00e8te depuis la conception de la formule jusqu&rsquo;\u00e0 la mise sous vide et nous sommes sp\u00e9cialis\u00e9s dans la cr\u00e9ation et le d\u00e9veloppement.<\/p>\n<p><span style=\"font-size: 12px;\">\u2022\u00a0<\/span>Nous sommes sp\u00e9cialis\u00e9s sur le march\u00e9 de la cosm\u00e9tique destin\u00e9e \u00e0 la pharmacie et sur le march\u00e9 de la cosm\u00e9tique pour les professionnels et les salons de beaut\u00e9.<\/p>\n<p><span style=\"font-size: 12px;\">\u2022\u00a0<\/span>Nous sommes capables de mettre sur le march\u00e9 des produits innovants facilement et rapidement.<\/p>\n<p><span style=\"font-size: 12px;\">\u2022\u00a0<\/span>Nous collaborons avec nos clients afin de r\u00e9duire leur investissement au moment du lancement de nouveaux produits.<\/p>\n<p><span style=\"font-size: 12px;\">\u2022\u00a0<\/span>Nous investissons constamment dans la technologie pour garantir la plus grande efficacit\u00e9 et la meilleure qualit\u00e9.<\/p>\n<p>\u2022\u00a0Nous travaillons avec la plus\u00a0<strong>haute qualit\u00e9\u00a0<\/strong>et tout le s\u00e9rieux exig\u00e9s par le\u00a0<strong>certificats ISO 22.716:2007 (GMP) y 9001:2015<\/strong><\/p>\n<div>\u2022\u00a0Nous sommes membres de\u00a0<a href=\"http:\/\/www.stanpa.es\" target=\"_blank\" rel=\"noopener noreferrer\">STANPA<\/a>, filiale de <a href=\"http:\/\/www.cosmeticseurope.eu\/\">Cosmetics Europe<\/a> (COLIPA).<\/div>\n<p>&nbsp;<\/p>\n<\/div>\n<p>&nbsp;<\/p>","protected":false},"excerpt":{"rendered":"<p>\u2022\u00a0Nous offrons une solution compl\u00e8te depuis la conception de la formule jusqu&rsquo;\u00e0 la mise sous vide et nous sommes sp\u00e9cialis\u00e9s dans la cr\u00e9ation et le d\u00e9veloppement. \u2022\u00a0Nous sommes sp\u00e9cialis\u00e9s sur le march\u00e9 de la cosm\u00e9tique destin\u00e9e \u00e0 la pharmacie et sur le march\u00e9 de la cosm\u00e9tique pour les professionnels et les salons de beaut\u00e9. \u2022\u00a0Nous&nbsp;<a href=\"https:\/\/www.magrina.com\/fr\/el-laboratorio\/\" class=\"read-more\">Continue Reading<\/a><\/p>\n","protected":false},"author":3,"featured_media":0,"parent":0,"menu_order":0,"comment_status":"closed","ping_status":"closed","template":"","meta":{"footnotes":""},"class_list":["post-10","page","type-page","status-publish","hentry"],"_links":{"self":[{"href":"https:\/\/www.magrina.com\/fr\/wp-json\/wp\/v2\/pages\/10","targetHints":{"allow":["GET"]}}],"collection":[{"href":"https:\/\/www.magrina.com\/fr\/wp-json\/wp\/v2\/pages"}],"about":[{"href":"https:\/\/www.magrina.com\/fr\/wp-json\/wp\/v2\/types\/page"}],"author":[{"embeddable":true,"href":"https:\/\/www.magrina.com\/fr\/wp-json\/wp\/v2\/users\/3"}],"replies":[{"embeddable":true,"href":"https:\/\/www.magrina.com\/fr\/wp-json\/wp\/v2\/comments?post=10"}],"version-history":[{"count":47,"href":"https:\/\/www.magrina.com\/fr\/wp-json\/wp\/v2\/pages\/10\/revisions"}],"predecessor-version":[{"id":1648,"href":"https:\/\/www.magrina.com\/fr\/wp-json\/wp\/v2\/pages\/10\/revisions\/1648"}],"wp:attachment":[{"href":"https:\/\/www.magrina.com\/fr\/wp-json\/wp\/v2\/media?parent=10"}],"curies":[{"name":"wp","href":"https:\/\/api.w.org\/{rel}","templated":true}]}}