
{"id":90,"date":"2012-06-27T14:28:38","date_gmt":"2012-06-27T14:28:38","guid":{"rendered":"http:\/\/demo.solucionesuno.com\/magrina\/?page_id=90"},"modified":"2018-06-12T14:42:26","modified_gmt":"2018-06-12T14:42:26","slug":"servicios","status":"publish","type":"page","link":"https:\/\/www.magrina.com\/es\/servicios\/","title":{"rendered":"Servicios"},"content":{"rendered":"<p><\/p>\n<div class=\"one_half\">\n<h3><span style=\"color: #68ace5;\">Formulaci\u00f3n del producto<\/span><\/h3>\n<p>Creaci\u00f3n y desarrollo de productos novedosos basados en nuevos componentes y\/o nuevas texturas. Mejora o reformulaci\u00f3n de productos existentes.<\/p>\n<h3><span style=\"color: #68ace5;\">Propuestas de marketing<\/span><\/h3>\n<p>La experiencia y el conocimiento del mercado permiten ofrecer sugerencias y soporte para el \u00e9xito de un producto, tanto desde el punto de vista t\u00e9cnico como comercial.<\/p>\n<h3><span style=\"color: #68ace5;\">Asesoramiento Legal<\/span><\/h3>\n<p>Gesti\u00f3n de documentos. Asesoramiento respecto a la legislaci\u00f3n vigente aplicable, tanto en la composici\u00f3n del producto como en su formato de presentaci\u00f3n.<\/p>\n<h3><span style=\"color: #68ace5;\">Asesoramiento T\u00e9cnico<\/span><\/h3>\n<p>Soporte t\u00e9cnico desde la creaci\u00f3n del producto hasta el final de su vida comercial.<\/p>\n<\/div>\n<div class=\"one_half_last\">\n<h3><span style=\"color: #68ace5;\">Dise\u00f1o y gesti\u00f3n del packaging<\/span><\/h3>\n<p>Dise\u00f1o del <em>packaging<\/em> en colaboraci\u00f3n con el cliente y asesoramiento en la selecci\u00f3n de sus componentes. Gesti\u00f3n y compra basadas en un amplio conocimiento de la oferta de envases en el mercado.<\/p>\n<h3><span style=\"color: #68ace5;\">Elaboraci\u00f3n<\/span><\/h3>\n<p>Elaboraci\u00f3n de todo tipo de productos cosm\u00e9ticos en una amplia gama de texturas. Flexibilidad en el tama\u00f1o del lote de fabricaci\u00f3n.<\/p>\n<h3><span style=\"color: #68ace5;\">Envasado<\/span><\/h3>\n<p>Envasado en toda clase de formatos y en gamas completas de capacidades.<\/p>\n<h3><span style=\"color: #68ace5;\">Control de calidad<\/span><\/h3>\n<p>Control integral desde la compra de materiales hasta la entrega del producto final.<\/p>\n<\/div>\n<p>&nbsp;<\/p>","protected":false},"excerpt":{"rendered":"<p>Formulaci\u00f3n del producto Creaci\u00f3n y desarrollo de productos novedosos basados en nuevos componentes y\/o nuevas texturas. Mejora o reformulaci\u00f3n de productos existentes. Propuestas de marketing La experiencia y el conocimiento del mercado permiten ofrecer sugerencias y soporte para el \u00e9xito de un producto, tanto desde el punto de vista t\u00e9cnico como comercial. Asesoramiento Legal Gesti\u00f3n&nbsp;<a href=\"https:\/\/www.magrina.com\/es\/servicios\/\" class=\"read-more\">Continue Reading<\/a><\/p>\n","protected":false},"author":3,"featured_media":0,"parent":0,"menu_order":0,"comment_status":"closed","ping_status":"closed","template":"","meta":{"footnotes":""},"class_list":["post-90","page","type-page","status-publish","hentry"],"_links":{"self":[{"href":"https:\/\/www.magrina.com\/es\/wp-json\/wp\/v2\/pages\/90","targetHints":{"allow":["GET"]}}],"collection":[{"href":"https:\/\/www.magrina.com\/es\/wp-json\/wp\/v2\/pages"}],"about":[{"href":"https:\/\/www.magrina.com\/es\/wp-json\/wp\/v2\/types\/page"}],"author":[{"embeddable":true,"href":"https:\/\/www.magrina.com\/es\/wp-json\/wp\/v2\/users\/3"}],"replies":[{"embeddable":true,"href":"https:\/\/www.magrina.com\/es\/wp-json\/wp\/v2\/comments?post=90"}],"version-history":[{"count":98,"href":"https:\/\/www.magrina.com\/es\/wp-json\/wp\/v2\/pages\/90\/revisions"}],"predecessor-version":[{"id":1536,"href":"https:\/\/www.magrina.com\/es\/wp-json\/wp\/v2\/pages\/90\/revisions\/1536"}],"wp:attachment":[{"href":"https:\/\/www.magrina.com\/es\/wp-json\/wp\/v2\/media?parent=90"}],"curies":[{"name":"wp","href":"https:\/\/api.w.org\/{rel}","templated":true}]}}