
{"id":88,"date":"2012-06-27T14:28:12","date_gmt":"2012-06-27T14:28:12","guid":{"rendered":"http:\/\/demo.solucionesuno.com\/magrina\/?page_id=88"},"modified":"2018-06-12T13:37:28","modified_gmt":"2018-06-12T13:37:28","slug":"historia","status":"publish","type":"page","link":"https:\/\/www.magrina.com\/es\/el-laboratorio\/historia\/","title":{"rendered":"Historia"},"content":{"rendered":"<p><\/p>\n<table border=\"0\" width=\"100%\" cellspacing=\"0\" cellpadding=\"0\" align=\"center\">\n<tbody>\n<tr>\n<td valign=\"middle\">\n<div class=\"anys\" align=\"right\">1932<\/div>\n<\/td>\n<td><\/td>\n<td class=\"text\">Nace en Barcelona como laboratorio de especialidades farmac\u00e9uticas.<\/td>\n<\/tr>\n<tr>\n<td valign=\"middle\">\n<div class=\"anys\" align=\"right\">1972<\/div>\n<\/td>\n<td><\/td>\n<td class=\"text\">Inicia la fabricaci\u00f3n de cosm\u00e9tica para terceros, sobre todo marcas de cosm\u00e9tica profesional.<\/td>\n<\/tr>\n<tr>\n<td valign=\"middle\">\n<div class=\"anys\" align=\"right\">80-90<\/div>\n<\/td>\n<td><\/td>\n<td class=\"text\">Se apuesta decididamente por el desarrollo de nuevos productos para satisfacer las necesidades de los clientes. Se inicia la presencia en el sector de cosm\u00e9tica de farmacia y en el de diet\u00e9tica.<\/td>\n<\/tr>\n<tr>\n<td valign=\"middle\">\n<div class=\"anys\" align=\"right\">90-00<\/div>\n<\/td>\n<td><\/td>\n<td class=\"text\">Apertura al mercado internacional, con productos de primera l\u00ednea en innovaci\u00f3n y calidad.<\/td>\n<\/tr>\n<tr>\n<td valign=\"middle\">\n<div class=\"anys\" align=\"right\">1996<\/div>\n<\/td>\n<td><\/td>\n<td class=\"text\">Se inaugura una nueva planta de 1.500 m 2 en Sant Adri\u00e0 de Bes\u00f2s (Barcelona).<\/td>\n<\/tr>\n<tr>\n<td valign=\"middle\">\n<div align=\"right\">\n<div class=\"anys\" align=\"right\">2000<\/div>\n<\/div>\n<\/td>\n<td><\/td>\n<td class=\"text\">Se obtiene la certificaci\u00f3n ISO 9001: 2000, un sello de confianza que demuestra la voluntad de la empresa por ofrecer el m\u00e1ximo nivel de calidad. Se apuesta por la investigaci\u00f3n y el desarrollo con inversiones continuas tanto en recursos t\u00e9cnicos como humanos.<\/td>\n<\/tr>\n<tr>\n<td valign=\"middle\">\n<div class=\"anys\" align=\"right\">2005<\/div>\n<\/td>\n<td><\/td>\n<td class=\"text\">Ampliaci\u00f3n de las instalaciones hasta 3.000 m 2. La capacidad de fabricaci\u00f3n pasa a ser de 1.000.000 kg y m\u00e1s de 10.000.000 unidades.<\/td>\n<\/tr>\n<tr>\n<td valign=\"middle\">\n<div class=\"anys\" align=\"right\">2012<\/div>\n<\/td>\n<td><\/td>\n<td class=\"text\">La compa\u00f1\u00eda consigue la certificaci\u00f3n ISO 22716:2007 cumpliendo as\u00ed con las Buenas Pr\u00e1cticas de Fabricaci\u00f3n &#8211; Good Manufacturing Practices (GMP).<br \/>\nSe obtiene la autorizaci\u00f3n del Ministerio de Sanidad para fabricar productos de higiene personal.<\/td>\n<\/tr>\n<tr>\n<td valign=\"middle\">\n<div class=\"anys\" align=\"right\">Actualidad<\/div>\n<\/td>\n<td><\/td>\n<td class=\"text\">La tercera generaci\u00f3n de la familia Magri\u00f1a asume el liderazgo.<br \/>\nSe consolida el posicionamiento de la empresa en el sector de la cosm\u00e9tica de tratamiento.<br \/>\nEl n\u00famero de clientes que conf\u00edan sus lanzamientos a Laboratorios Magri\u00f1a se fortalece.<\/td>\n<\/tr>\n<\/tbody>\n<\/table>\n<p>&nbsp;<\/p>","protected":false},"excerpt":{"rendered":"<p>1932 Nace en Barcelona como laboratorio de especialidades farmac\u00e9uticas. 1972 Inicia la fabricaci\u00f3n de cosm\u00e9tica para terceros, sobre todo marcas de cosm\u00e9tica profesional. 80-90 Se apuesta decididamente por el desarrollo de nuevos productos para satisfacer las necesidades de los clientes. Se inicia la presencia en el sector de cosm\u00e9tica de farmacia y en el de&nbsp;<a href=\"https:\/\/www.magrina.com\/es\/el-laboratorio\/historia\/\" class=\"read-more\">Continue Reading<\/a><\/p>\n","protected":false},"author":3,"featured_media":0,"parent":10,"menu_order":0,"comment_status":"closed","ping_status":"closed","template":"","meta":{"footnotes":""},"class_list":["post-88","page","type-page","status-publish","hentry"],"_links":{"self":[{"href":"https:\/\/www.magrina.com\/es\/wp-json\/wp\/v2\/pages\/88","targetHints":{"allow":["GET"]}}],"collection":[{"href":"https:\/\/www.magrina.com\/es\/wp-json\/wp\/v2\/pages"}],"about":[{"href":"https:\/\/www.magrina.com\/es\/wp-json\/wp\/v2\/types\/page"}],"author":[{"embeddable":true,"href":"https:\/\/www.magrina.com\/es\/wp-json\/wp\/v2\/users\/3"}],"replies":[{"embeddable":true,"href":"https:\/\/www.magrina.com\/es\/wp-json\/wp\/v2\/comments?post=88"}],"version-history":[{"count":21,"href":"https:\/\/www.magrina.com\/es\/wp-json\/wp\/v2\/pages\/88\/revisions"}],"predecessor-version":[{"id":1534,"href":"https:\/\/www.magrina.com\/es\/wp-json\/wp\/v2\/pages\/88\/revisions\/1534"}],"up":[{"embeddable":true,"href":"https:\/\/www.magrina.com\/es\/wp-json\/wp\/v2\/pages\/10"}],"wp:attachment":[{"href":"https:\/\/www.magrina.com\/es\/wp-json\/wp\/v2\/media?parent=88"}],"curies":[{"name":"wp","href":"https:\/\/api.w.org\/{rel}","templated":true}]}}