
{"id":27,"date":"2012-06-26T19:52:35","date_gmt":"2012-06-26T19:52:35","guid":{"rendered":"http:\/\/demo.solucionesuno.com\/magrina\/?page_id=27"},"modified":"2020-03-11T12:53:33","modified_gmt":"2020-03-11T12:53:33","slug":"inicio","status":"publish","type":"page","link":"https:\/\/www.magrina.com\/es\/","title":{"rendered":"Bienvenidos al Laboratorio"},"content":{"rendered":"<p><\/p>\n<h3><span style=\"color: #68ace5;\">\u00bfPor qu\u00e9 elegirnos a nosotros?<\/span><\/h3>\n<p>\u2022 Ofrecemos una <strong>respuesta integral <\/strong>desde la formulaci\u00f3n hasta el envasado y estamos especializados en la <strong>creaci\u00f3n y el desarrollo<\/strong>.<\/p>\n<div>\n<p>\u2022 Estamos especializados en el <strong>mercado de cosm\u00e9tica de farmacia<\/strong>, en el de cosm\u00e9tica profesional, as\u00ed como en los productos naturales y\/o ecol\u00f3gicos.<\/p>\n<div>\n<p>\u2022 Podemos poner en el mercado <strong>productos innovadores <\/strong>con agilidad y rapidez.<\/p>\n<p>\u2022 Colaboramos con nuestros clientes para <strong>minimizar su inversi\u00f3n<\/strong> en el lanzamiento de nuevos productos.<\/p>\n<p>\u2022 Invertimos constantemente en tecnolog\u00eda para garantizar la m\u00e1xima eficiencia y calidad.<\/p>\n<p>\u2022 Trabajamos con la m\u00e1xima calidad y rigor avalados por la <strong>certificaci\u00f3n ISO 22.716:2007 (GMP) y 9001:2015<\/strong><\/p>\n<p>\u2022 Somos miembros de\u00a0<a href=\"http:\/\/www.stanpa.com\" target=\"_blank\" rel=\"nofollow noopener noreferrer\">STANPA<\/a>, filial de <a href=\"http:\/\/www.cosmeticseurope.eu\/\" target=\"_blank\" rel=\"nofollow noopener noreferrer\">Cosmetics Europe<\/a> (antigua COLIPA).<\/p>\n<\/div>\n<div><\/div>\n<\/div>\n<p>&nbsp;<\/p>","protected":false},"excerpt":{"rendered":"<p>\u00bfPor qu\u00e9 elegirnos a nosotros? \u2022 Ofrecemos una respuesta integral desde la formulaci\u00f3n hasta el envasado y estamos especializados en la creaci\u00f3n y el desarrollo. \u2022 Estamos especializados en el mercado de cosm\u00e9tica de farmacia, en el de cosm\u00e9tica profesional, as\u00ed como en los productos naturales y\/o ecol\u00f3gicos. \u2022 Podemos poner en el mercado productos&nbsp;<a href=\"https:\/\/www.magrina.com\/es\/\" class=\"read-more\">Continue Reading<\/a><\/p>\n","protected":false},"author":3,"featured_media":0,"parent":0,"menu_order":0,"comment_status":"closed","ping_status":"closed","template":"","meta":{"footnotes":""},"class_list":["post-27","page","type-page","status-publish","hentry"],"_links":{"self":[{"href":"https:\/\/www.magrina.com\/es\/wp-json\/wp\/v2\/pages\/27","targetHints":{"allow":["GET"]}}],"collection":[{"href":"https:\/\/www.magrina.com\/es\/wp-json\/wp\/v2\/pages"}],"about":[{"href":"https:\/\/www.magrina.com\/es\/wp-json\/wp\/v2\/types\/page"}],"author":[{"embeddable":true,"href":"https:\/\/www.magrina.com\/es\/wp-json\/wp\/v2\/users\/3"}],"replies":[{"embeddable":true,"href":"https:\/\/www.magrina.com\/es\/wp-json\/wp\/v2\/comments?post=27"}],"version-history":[{"count":100,"href":"https:\/\/www.magrina.com\/es\/wp-json\/wp\/v2\/pages\/27\/revisions"}],"predecessor-version":[{"id":1646,"href":"https:\/\/www.magrina.com\/es\/wp-json\/wp\/v2\/pages\/27\/revisions\/1646"}],"wp:attachment":[{"href":"https:\/\/www.magrina.com\/es\/wp-json\/wp\/v2\/media?parent=27"}],"curies":[{"name":"wp","href":"https:\/\/api.w.org\/{rel}","templated":true}]}}