
{"id":10,"date":"2012-06-26T19:18:26","date_gmt":"2012-06-26T19:18:26","guid":{"rendered":"http:\/\/demo.solucionesuno.com\/magrina\/?page_id=10"},"modified":"2020-03-11T13:06:08","modified_gmt":"2020-03-11T13:06:08","slug":"el-laboratorio","status":"publish","type":"page","link":"https:\/\/www.magrina.com\/es\/el-laboratorio\/","title":{"rendered":"El Laboratorio"},"content":{"rendered":"<p>\u2022 Ofrecemos una respuesta integral desde la formulaci\u00f3n hasta el envasado y estamos especializados en la creaci\u00f3n y el desarrollo.<\/p>\n<div>\n<p>\u2022 Estamos especializados en el mercado de cosm\u00e9tica de farmacia, en el de cosm\u00e9tica profesional, as\u00ed como en los productos naturales y\/o ecol\u00f3gicos.<\/p>\n<div>\n<p>\u2022 Podemos poner en el mercado productos innovadores con agilidad y rapidez.<\/p>\n<p>\u2022 Colaboramos con nuestros clientes para minimizar su inversi\u00f3n en el lanzamiento de nuevos productos.<\/p>\n<p>\u2022 Invertimos constantemente en tecnolog\u00eda para garantizar la m\u00e1xima eficiencia y calidad.<\/p>\n<p>\u2022 Trabajamos con la m\u00e1xima calidad y rigor avalados por la\u00a0<strong>certificaci\u00f3n ISO 22.716:2007 (GMP) y 9001:2015<\/strong><\/p>\n<p>\u2022 Somos miembros de\u00a0<a href=\"http:\/\/www.stanpa.es\" target=\"_blank\" rel=\"noopener noreferrer\">STANPA<\/a>, filial de\u00a0<a href=\"http:\/\/www.cosmeticseurope.eu\/\">Cosmetics Europe<\/a>\u00a0(antigua COLIPA).<\/p>\n<\/div>\n<\/div>\n<p><\/p>","protected":false},"excerpt":{"rendered":"<p>\u2022 Ofrecemos una respuesta integral desde la formulaci\u00f3n hasta el envasado y estamos especializados en la creaci\u00f3n y el desarrollo. \u2022 Estamos especializados en el mercado de cosm\u00e9tica de farmacia, en el de cosm\u00e9tica profesional, as\u00ed como en los productos naturales y\/o ecol\u00f3gicos. \u2022 Podemos poner en el mercado productos innovadores con agilidad y rapidez.&nbsp;<a href=\"https:\/\/www.magrina.com\/es\/el-laboratorio\/\" class=\"read-more\">Continue Reading<\/a><\/p>\n","protected":false},"author":3,"featured_media":0,"parent":0,"menu_order":0,"comment_status":"closed","ping_status":"closed","template":"","meta":{"footnotes":""},"class_list":["post-10","page","type-page","status-publish","hentry"],"_links":{"self":[{"href":"https:\/\/www.magrina.com\/es\/wp-json\/wp\/v2\/pages\/10","targetHints":{"allow":["GET"]}}],"collection":[{"href":"https:\/\/www.magrina.com\/es\/wp-json\/wp\/v2\/pages"}],"about":[{"href":"https:\/\/www.magrina.com\/es\/wp-json\/wp\/v2\/types\/page"}],"author":[{"embeddable":true,"href":"https:\/\/www.magrina.com\/es\/wp-json\/wp\/v2\/users\/3"}],"replies":[{"embeddable":true,"href":"https:\/\/www.magrina.com\/es\/wp-json\/wp\/v2\/comments?post=10"}],"version-history":[{"count":47,"href":"https:\/\/www.magrina.com\/es\/wp-json\/wp\/v2\/pages\/10\/revisions"}],"predecessor-version":[{"id":1648,"href":"https:\/\/www.magrina.com\/es\/wp-json\/wp\/v2\/pages\/10\/revisions\/1648"}],"wp:attachment":[{"href":"https:\/\/www.magrina.com\/es\/wp-json\/wp\/v2\/media?parent=10"}],"curies":[{"name":"wp","href":"https:\/\/api.w.org\/{rel}","templated":true}]}}