
{"id":27,"date":"2012-06-26T19:52:35","date_gmt":"2012-06-26T19:52:35","guid":{"rendered":"http:\/\/demo.solucionesuno.com\/magrina\/?page_id=27"},"modified":"2020-03-11T12:53:33","modified_gmt":"2020-03-11T12:53:33","slug":"inicio","status":"publish","type":"page","link":"https:\/\/www.magrina.com\/ca\/","title":{"rendered":"Benvinguts al Laboratori"},"content":{"rendered":"<p><\/p>\n<h3><span style=\"color: #68ace5;\">\u00bfPer qu\u00e8 triar-nos a nosaltres?<\/span><\/h3>\n<div>\n<p><span style=\"font-size: 12px;\">\u2022\u00a0<\/span>Oferim una <strong>resposta integral <\/strong>des de la formulaci\u00f3 fins a l&#8217;envasat i estem especialitzats en la <strong>creaci\u00f3 i el desenvolupament<\/strong><\/p>\n<p><span style=\"font-size: 12px;\">\u2022\u00a0<\/span>Estem especialitzats en el <strong>mercat de cosm\u00e8tica de farm\u00e0cia<\/strong>, en el de cosm\u00e8tica professional aix\u00ec com en el de productes naturals.<\/p>\n<p><span style=\"font-size: 12px;\">\u2022\u00a0<\/span>Podem posar al mercat <strong>productes innovadors <\/strong>amb agilitat i rapides<span style=\"font-size: 12px;\">. <\/span><\/p>\n<p><span style=\"font-size: 12px;\">\u2022\u00a0<\/span>Collaborem amb als nostres clients per <strong>minimitzar la seva inversi\u00f3 <\/strong>en el llan\u00e7ament de nous productes<\/p>\n<p><span style=\"font-size: 12px;\">\u2022\u00a0<\/span>Invertim constantment en tecnologia per garantir la m\u00e0xima efici\u00e8ncia i <a href=\"https:\/\/www.magrina.com\/wp-content\/uploads\/2020\/03\/POLTICA-DE-QUALITAT-Ed03.pdf\" target=\"_blank\" rel=\"noopener noreferrer\">qualitat<\/a><\/p>\n<p><span style=\"font-size: 12px;\">\u2022\u00a0<\/span>Treballem amb la m\u00e0xima qualitat, avalada per la <strong>certificaci\u00f3 ISO 22.716:2007 (GMP) y 9001:2015<\/strong><\/p>\n<p><span style=\"font-size: 12px;\">\u2022\u00a0<\/span>S\u00f3m membres de<span style=\"font-size: 12px;\">\u00a0<a href=\"http:\/\/www.stanpa.es\" target=\"_blank\" rel=\"noopener noreferrer\">STANPA<\/a>, filial de <a href=\"http:\/\/www.cosmeticseurope.eu\/\">Cosmetics Europe<\/a> (antiga COLIPA).<\/span><\/p>\n<\/div>\n<p>&nbsp;<\/p>","protected":false},"excerpt":{"rendered":"<p>\u00bfPer qu\u00e8 triar-nos a nosaltres? \u2022\u00a0Oferim una resposta integral des de la formulaci\u00f3 fins a l&#8217;envasat i estem especialitzats en la creaci\u00f3 i el desenvolupament \u2022\u00a0Estem especialitzats en el mercat de cosm\u00e8tica de farm\u00e0cia, en el de cosm\u00e8tica professional aix\u00ec com en el de productes naturals. \u2022\u00a0Podem posar al mercat productes innovadors amb agilitat i&nbsp;<a href=\"https:\/\/www.magrina.com\/ca\/\" class=\"read-more\">Continue Reading<\/a><\/p>\n","protected":false},"author":3,"featured_media":0,"parent":0,"menu_order":0,"comment_status":"closed","ping_status":"closed","template":"","meta":{"footnotes":""},"class_list":["post-27","page","type-page","status-publish","hentry"],"_links":{"self":[{"href":"https:\/\/www.magrina.com\/ca\/wp-json\/wp\/v2\/pages\/27","targetHints":{"allow":["GET"]}}],"collection":[{"href":"https:\/\/www.magrina.com\/ca\/wp-json\/wp\/v2\/pages"}],"about":[{"href":"https:\/\/www.magrina.com\/ca\/wp-json\/wp\/v2\/types\/page"}],"author":[{"embeddable":true,"href":"https:\/\/www.magrina.com\/ca\/wp-json\/wp\/v2\/users\/3"}],"replies":[{"embeddable":true,"href":"https:\/\/www.magrina.com\/ca\/wp-json\/wp\/v2\/comments?post=27"}],"version-history":[{"count":100,"href":"https:\/\/www.magrina.com\/ca\/wp-json\/wp\/v2\/pages\/27\/revisions"}],"predecessor-version":[{"id":1646,"href":"https:\/\/www.magrina.com\/ca\/wp-json\/wp\/v2\/pages\/27\/revisions\/1646"}],"wp:attachment":[{"href":"https:\/\/www.magrina.com\/ca\/wp-json\/wp\/v2\/media?parent=27"}],"curies":[{"name":"wp","href":"https:\/\/api.w.org\/{rel}","templated":true}]}}