
{"id":1630,"date":"2020-03-09T15:43:53","date_gmt":"2020-03-09T15:43:53","guid":{"rendered":"https:\/\/www.magrina.com\/?page_id=1630"},"modified":"2020-10-19T09:36:12","modified_gmt":"2020-10-19T09:36:12","slug":"politica-de-cookies-2","status":"publish","type":"page","link":"https:\/\/www.magrina.com\/ca\/politica-de-cookies-2\/","title":{"rendered":"(Espa\u00f1ol) Pol\u00edtica de cookies"},"content":{"rendered":"<p class=\"qtranxs-available-languages-message qtranxs-available-languages-message-ca\">Disculpa, pero esta entrada est\u00e1 disponible s\u00f3lo en <a href=\"https:\/\/www.magrina.com\/es\/wp-json\/wp\/v2\/pages\/1630\" class=\"qtranxs-available-language-link qtranxs-available-language-link-es\" title=\"Espa\u00f1ol\">Espa\u00f1ol<\/a>.<\/p>","protected":false},"excerpt":{"rendered":"<p>Disculpa, pero esta entrada est\u00e1 disponible s\u00f3lo en Espa\u00f1ol.<\/p>\n","protected":false},"author":2,"featured_media":0,"parent":0,"menu_order":0,"comment_status":"closed","ping_status":"closed","template":"","meta":{"footnotes":""},"class_list":["post-1630","page","type-page","status-publish","hentry"],"_links":{"self":[{"href":"https:\/\/www.magrina.com\/ca\/wp-json\/wp\/v2\/pages\/1630","targetHints":{"allow":["GET"]}}],"collection":[{"href":"https:\/\/www.magrina.com\/ca\/wp-json\/wp\/v2\/pages"}],"about":[{"href":"https:\/\/www.magrina.com\/ca\/wp-json\/wp\/v2\/types\/page"}],"author":[{"embeddable":true,"href":"https:\/\/www.magrina.com\/ca\/wp-json\/wp\/v2\/users\/2"}],"replies":[{"embeddable":true,"href":"https:\/\/www.magrina.com\/ca\/wp-json\/wp\/v2\/comments?post=1630"}],"version-history":[{"count":6,"href":"https:\/\/www.magrina.com\/ca\/wp-json\/wp\/v2\/pages\/1630\/revisions"}],"predecessor-version":[{"id":1683,"href":"https:\/\/www.magrina.com\/ca\/wp-json\/wp\/v2\/pages\/1630\/revisions\/1683"}],"wp:attachment":[{"href":"https:\/\/www.magrina.com\/ca\/wp-json\/wp\/v2\/media?parent=1630"}],"curies":[{"name":"wp","href":"https:\/\/api.w.org\/{rel}","templated":true}]}}