
{"id":16,"date":"2012-06-26T19:19:30","date_gmt":"2012-06-26T19:19:30","guid":{"rendered":"http:\/\/demo.solucionesuno.com\/magrina\/?page_id=16"},"modified":"2019-11-18T10:01:12","modified_gmt":"2019-11-18T10:01:12","slug":"contacto","status":"publish","type":"page","link":"https:\/\/www.magrina.com\/ca\/contacto\/","title":{"rendered":"Contacte"},"content":{"rendered":"<p><\/p>\n<div id=\"contact-left\">\n<p>Per obtenir m\u00e9s informaci\u00f3 sobre els nostres productes, necessita assessorament t\u00e8cnic o simplement vol provar la nostra gamma de productes naturals, no dubti en posar-se en contacte amb nosaltres, estarem sempre a la seva disposici\u00f3.<\/p>\n\n<div class=\"wpcf7 no-js\" id=\"wpcf7-f692-o2\" lang=\"en-US\" dir=\"ltr\" data-wpcf7-id=\"692\">\n<div class=\"screen-reader-response\"><p role=\"status\" aria-live=\"polite\" aria-atomic=\"true\"><\/p> <ul><\/ul><\/div>\n<form action=\"\/ca\/wp-json\/wp\/v2\/pages\/16#wpcf7-f692-o2\" method=\"post\" class=\"wpcf7-form init\" aria-label=\"Contact form\" novalidate=\"novalidate\" data-status=\"init\">\n<fieldset class=\"hidden-fields-container\"><input type=\"hidden\" name=\"_wpcf7\" value=\"692\" \/><input type=\"hidden\" name=\"_wpcf7_version\" value=\"6.1.5\" \/><input type=\"hidden\" name=\"_wpcf7_locale\" value=\"en_US\" \/><input type=\"hidden\" name=\"_wpcf7_unit_tag\" value=\"wpcf7-f692-o2\" \/><input type=\"hidden\" name=\"_wpcf7_container_post\" value=\"0\" \/><input type=\"hidden\" name=\"_wpcf7_posted_data_hash\" value=\"\" \/><input type=\"hidden\" name=\"_wpcf7_recaptcha_response\" value=\"\" \/>\n<\/fieldset>\n<p>El vostre nom (obligatori)\n<\/p>\n<p><span class=\"wpcf7-form-control-wrap\" data-name=\"your-name\"><input size=\"40\" maxlength=\"400\" class=\"wpcf7-form-control wpcf7-text wpcf7-validates-as-required\" aria-required=\"true\" aria-invalid=\"false\" value=\"\" type=\"text\" name=\"your-name\" \/><\/span>\n<\/p>\n<p>La teva empresa\n<\/p>\n<p><span class=\"wpcf7-form-control-wrap\" data-name=\"your-business\"><input size=\"40\" maxlength=\"400\" class=\"wpcf7-form-control wpcf7-text\" aria-invalid=\"false\" value=\"\" type=\"text\" name=\"your-business\" \/><\/span>\n<\/p>\n<p>El vostre email (obligatori)\n<\/p>\n<p><span class=\"wpcf7-form-control-wrap\" data-name=\"your-email\"><input size=\"40\" maxlength=\"400\" class=\"wpcf7-form-control wpcf7-text wpcf7-validates-as-required\" aria-required=\"true\" aria-invalid=\"false\" value=\"\" type=\"text\" name=\"your-email\" \/><\/span>\n<\/p>\n<p>Assumpte\n<\/p>\n<p><span class=\"wpcf7-form-control-wrap\" data-name=\"your-subject\"><input size=\"40\" maxlength=\"400\" class=\"wpcf7-form-control wpcf7-text\" aria-invalid=\"false\" value=\"\" type=\"text\" name=\"your-subject\" \/><\/span>\n<\/p>\n<p>El vostre missatge\n<\/p>\n<p><span class=\"wpcf7-form-control-wrap\" data-name=\"your-message\"><textarea cols=\"40\" rows=\"10\" maxlength=\"2000\" class=\"wpcf7-form-control wpcf7-textarea\" aria-invalid=\"false\" name=\"your-message\"><\/textarea><\/span>\n<\/p>\n<p>\n\n<\/p>\n<p><input class=\"wpcf7-form-control wpcf7-submit has-spinner\" type=\"submit\" value=\"Enviar\" \/>\n<\/p><div class=\"wpcf7-response-output\" aria-hidden=\"true\"><\/div>\n<\/form>\n<\/div>\n\n<\/div>\n<div id=\"contact-right\">\n<div>\n<hr \/>\n<h3><span style=\"color: #838383;\">Adre\u00e7a<\/span><\/h3>\n<p>Carrer de Pereda 1 Pol\u00edgon Monsol\u00eds.<br \/>\nE-08930 Sant Adri\u00e0 de Bes\u00f2s<br \/>\n(Barcelona) Espanya<\/p>\n<hr \/>\n<h3><span style=\"color: #838383;\">Horari<\/span><\/h3>\n<p>Dilluns a Dijous de 8 a 17h. Divendres de 8 a 14h.<\/p>\n<h3><span style=\"color: #838383;\">Tel\u00e8fon<\/span> +34 93 4621535<\/h3>\n<h3><span style=\"color: #838383;\">Fax<\/span> + 34 93 4622203<\/h3>\n<h3><span style=\"color: #838383;\">eMail<\/span> \u2192 <a href=\"mailto:info@magrina.com\">info@magrina.com<\/a><\/h3>\n<hr \/>\n<p><strong>DIRECCI\u00d3 T\u00c8CNICA <\/strong><\/p>\n<p>M\u00aaMar Jal \u2192 <a href=\"mailto:mmjal@magrina.com\">mmjal@magrina.com<\/a><\/p>\n<p><strong>CEO.<\/strong><\/p>\n<p>Daniel Magri\u00f1a \u2192 <a href=\"mailto:daniel@magrina.com\">daniel@magrina.com<\/a><\/p>\n<p><strong>RECURSOS HUMANS <\/strong> \u2192 <a href=\"mailto:rrhh@magrina.com\">rrhh@magrina.com<\/a><\/p>\n<\/div>\n<\/div>\n<p><iframe loading=\"lazy\" src=\"https:\/\/maps.google.es\/maps?f=q&amp;source=s_q&amp;hl=es&amp;geocode=&amp;q=laboratorios+magri%C3%B1a&amp;aq=&amp;sll=41.692152,1.746005&amp;sspn=3.547849,8.453979&amp;ie=UTF8&amp;hq=laboratorios+magri%C3%B1a&amp;hnear=&amp;t=m&amp;ll=41.450318,2.212029&amp;spn=0.045033,0.156212&amp;z=13&amp;iwloc=A&amp;output=embed\" width=\"910\" height=\"350\" frameborder=\"0\" marginwidth=\"0\" marginheight=\"0\" scrolling=\"no\"><\/iframe><\/p>\n<p><small><a style=\"color: #68ace5; text-align: left;\" href=\"https:\/\/maps.google.com\/maps?q=laboratorios+magri%C3%B1a&amp;oe=utf-8&amp;client=firefox-a&amp;ie=UTF8&amp;hq=laboratorios+magri%C3%B1a&amp;hnear=&amp;t=m&amp;ll=41.433976,2.208595&amp;spn=0.019305,0.07802&amp;z=14&amp;source=embed\">Veure mapa m\u00e9s gran<\/a><\/small><\/p>","protected":false},"excerpt":{"rendered":"<p>Per obtenir m\u00e9s informaci\u00f3 sobre els nostres productes, necessita assessorament t\u00e8cnic o simplement vol provar la nostra gamma de productes naturals, no dubti en posar-se en contacte amb nosaltres, estarem sempre a la seva disposici\u00f3. Adre\u00e7a Carrer de Pereda 1 Pol\u00edgon Monsol\u00eds. E-08930 Sant Adri\u00e0 de Bes\u00f2s (Barcelona) Espanya Horari Dilluns a Dijous de 8&nbsp;<a href=\"https:\/\/www.magrina.com\/ca\/contacto\/\" class=\"read-more\">Continue Reading<\/a><\/p>\n","protected":false},"author":3,"featured_media":0,"parent":0,"menu_order":0,"comment_status":"closed","ping_status":"closed","template":"page-nosidebars.php","meta":{"footnotes":""},"class_list":["post-16","page","type-page","status-publish","hentry"],"_links":{"self":[{"href":"https:\/\/www.magrina.com\/ca\/wp-json\/wp\/v2\/pages\/16","targetHints":{"allow":["GET"]}}],"collection":[{"href":"https:\/\/www.magrina.com\/ca\/wp-json\/wp\/v2\/pages"}],"about":[{"href":"https:\/\/www.magrina.com\/ca\/wp-json\/wp\/v2\/types\/page"}],"author":[{"embeddable":true,"href":"https:\/\/www.magrina.com\/ca\/wp-json\/wp\/v2\/users\/3"}],"replies":[{"embeddable":true,"href":"https:\/\/www.magrina.com\/ca\/wp-json\/wp\/v2\/comments?post=16"}],"version-history":[{"count":166,"href":"https:\/\/www.magrina.com\/ca\/wp-json\/wp\/v2\/pages\/16\/revisions"}],"predecessor-version":[{"id":1609,"href":"https:\/\/www.magrina.com\/ca\/wp-json\/wp\/v2\/pages\/16\/revisions\/1609"}],"wp:attachment":[{"href":"https:\/\/www.magrina.com\/ca\/wp-json\/wp\/v2\/media?parent=16"}],"curies":[{"name":"wp","href":"https:\/\/api.w.org\/{rel}","templated":true}]}}